{"id":17019,"date":"2023-09-05T12:44:16","date_gmt":"2023-09-05T10:44:16","guid":{"rendered":"http:\/\/cefinox.com\/en\/?post_type=product&#038;p=17019"},"modified":"2026-04-06T15:30:14","modified_gmt":"2026-04-06T13:30:14","slug":"elevateur-a-bande","status":"publish","type":"product","link":"https:\/\/cefinox.com\/en\/produit\/elevateur-a-bande\/","title":{"rendered":"Belt Lift"},"content":{"rendered":"\t\t<div data-elementor-type=\"wp-post\" data-elementor-id=\"17019\" class=\"elementor elementor-17019\" data-elementor-post-type=\"product\">\n\t\t\t\t\t\t<section class=\"elementor-section elementor-top-section elementor-element elementor-element-be3f697 elementor-section-boxed elementor-section-height-default elementor-section-height-default\" data-id=\"be3f697\" data-element_type=\"section\" data-e-type=\"section\">\n\t\t\t\t\t\t<div class=\"elementor-container elementor-column-gap-default\">\n\t\t\t\t\t<div class=\"elementor-column elementor-col-25 elementor-top-column elementor-element elementor-element-de046f9\" data-id=\"de046f9\" data-element_type=\"column\" data-e-type=\"column\">\n\t\t\t<div class=\"elementor-widget-wrap elementor-element-populated\">\n\t\t\t\t\t\t<div class=\"elementor-element elementor-element-9ee12ff elementor-view-default elementor-position-block-start elementor-mobile-position-block-start elementor-widget elementor-widget-icon-box\" data-id=\"9ee12ff\" data-element_type=\"widget\" data-e-type=\"widget\" data-widget_type=\"icon-box.default\">\n\t\t\t\t<div class=\"elementor-widget-container\">\n\t\t\t\t\t\t\t<div class=\"elementor-icon-box-wrapper\">\n\n\t\t\t\t\t\t<div class=\"elementor-icon-box-icon\">\n\t\t\t\t<span  class=\"elementor-icon\">\n\t\t\t\t<svg xmlns=\"http:\/\/www.w3.org\/2000\/svg\" width=\"51.802\" height=\"47.825\" viewBox=\"0 0 51.802 47.825\"><g id=\"Group_40182\" data-name=\"Group 40182\" transform=\"translate(-579.951 -936.311)\"><path id=\"Path_9759\" data-name=\"Path 9759\" d=\"M44.411,29.141c-.639,1.378-1.287,2.75-1.914,4.131q-1.981,4.365-3.938,8.741a1.232,1.232,0,0,1-1.276.829c-3.44-.018-6.879-.009-10.432-.009a9.756,9.756,0,0,1-.015,1.295,1.647,1.647,0,0,1-.355.842.678.678,0,0,1-1.03.007,2.22,2.22,0,0,1-.363-.414Q22.683,41,20.284,37.432a1.046,1.046,0,0,1,.053-1.5q2.647-3.393,5.3-6.781c.112-.144.208-.35.359-.411a1.9,1.9,0,0,1,.915-.192.712.712,0,0,1,.578.777v1.726l5.21-.44c-.094-.19-.164-.35-.249-.5q-1.906-3.453-3.818-6.9c-.521-.943-.422-1.276.536-1.809l8.214-4.56c.827-.46,1.146-.359,1.569.512q2.633,5.42,5.262,10.841c.059.12.133.228.2.343Zm-2.987,2.606c-1.1.076-2.1.142-3.1.212-1.571.111-3.144.206-4.715.337-2.12.175-4.236.389-6.356.56a1.706,1.706,0,0,1-1-.153c-.241-.157-.33-.549-.492-.849l-3.8,4.866c1.123,1.676,2.225,3.315,3.354,5a1.213,1.213,0,0,1,1.249-.593c3.37.011,6.741,0,10.113.015a.645.645,0,0,0,.709-.451c.661-1.518,1.357-3.021,2.041-4.529.656-1.444,1.309-2.888,2-4.415M30.358,22.689a1.215,1.215,0,0,0,.057.179c1.339,2.439,2.674,4.877,4.032,7.3a.635.635,0,0,0,.5.241c2.208-.142,4.417-.311,6.625-.466a1.04,1.04,0,0,0,.866-1.529q-2.227-4.528-4.457-9.058c-.116-.236-.236-.471-.37-.74l-7.255,4.068\" transform=\"translate(587.217 938.775)\" fill=\"#112758\"><\/path><path id=\"Path_9760\" data-name=\"Path 9760\" d=\"M44.411,29.141c-.639,1.378-1.287,2.75-1.914,4.131q-1.981,4.365-3.938,8.741a1.232,1.232,0,0,1-1.276.829c-3.44-.018-6.879-.009-10.432-.009a9.756,9.756,0,0,1-.015,1.295,1.647,1.647,0,0,1-.355.842.678.678,0,0,1-1.03.007,2.22,2.22,0,0,1-.363-.414Q22.683,41,20.284,37.432a1.046,1.046,0,0,1,.053-1.5q2.647-3.393,5.3-6.781c.112-.144.208-.35.359-.411a1.9,1.9,0,0,1,.915-.192.712.712,0,0,1,.578.777v1.726l5.21-.44c-.094-.19-.164-.35-.249-.5q-1.906-3.453-3.818-6.9c-.521-.943-.422-1.276.536-1.809l8.214-4.56c.827-.46,1.146-.359,1.569.512q2.633,5.42,5.262,10.841c.059.12.133.228.2.343Zm-2.987,2.606c-1.1.076-2.1.142-3.1.212-1.571.111-3.144.206-4.715.337-2.12.175-4.236.389-6.356.56a1.706,1.706,0,0,1-1-.153c-.241-.157-.33-.549-.492-.849l-3.8,4.866c1.123,1.676,2.225,3.315,3.354,5a1.213,1.213,0,0,1,1.249-.593c3.37.011,6.741,0,10.113.015a.645.645,0,0,0,.709-.451c.661-1.518,1.357-3.021,2.041-4.529C40.079,34.718,40.733,33.274,41.424,31.747ZM30.358,22.689a1.215,1.215,0,0,0,.057.179c1.339,2.439,2.674,4.877,4.032,7.3a.635.635,0,0,0,.5.241c2.208-.142,4.417-.311,6.625-.466a1.04,1.04,0,0,0,.866-1.529q-2.227-4.528-4.457-9.058c-.116-.236-.236-.471-.37-.74Z\" transform=\"translate(587.217 938.775)\" fill=\"none\" stroke=\"#fff\" stroke-miterlimit=\"10\" stroke-width=\"0.25\"><\/path><path id=\"Path_9761\" data-name=\"Path 9761\" d=\"M10.942,19.48c-.409-.285-.781-.541-1.146-.8a.886.886,0,0,1-.425-1.033.868.868,0,0,1,.925-.613q4.4-.144,8.8-.311c.774-.028.971.1,1.24.823,1.031,2.757,2.055,5.516,3.092,8.271a.9.9,0,0,1-1.356,1.16c-.433-.254-.869-.5-1.35-.768-.77,1.538-1.525,3.044-2.308,4.606.866.044,1.676.09,2.486.127,2.078.094,4.157.173,6.234.278.783.041,1.068.372,1.07,1.155q0,4.633,0,9.264c0,.788-.3,1.118-1.083,1.12-4.1.007-8.19,0-12.286.006a1.133,1.133,0,0,1-1-.558Q9.651,35.986,5.461,29.776a1.131,1.131,0,0,1,.046-1.352q2.572-4.2,5.126-8.417c.094-.157.186-.315.309-.527m10.117,4.835c-.685-1.849-1.359-3.632-2-5.426a.574.574,0,0,0-.689-.448c-1.575.088-3.149.151-4.724.227-.228.011-.453.042-.729.07a1.011,1.011,0,0,1-.1,1.225Q10.1,24.342,7.4,28.726a.579.579,0,0,0-.011.75c1.77,2.586,3.518,5.188,5.275,7.783.07.1.158.193.263.319.114-.206.2-.363.287-.525q3.116-6.047,6.229-12.1c.437-.847.643-.945,1.621-.639m5.312,16.7V32.977c-.085-.013-.133-.026-.18-.029-2.764-.125-5.529-.243-8.292-.385-.309-.015-.4.136-.516.352-.875,1.676-1.67,3.4-2.665,5.008a2.01,2.01,0,0,0,.164,2.739.82.82,0,0,0,.694.361c2.969-.013,5.938-.007,8.907-.007h1.888\" transform=\"translate(574.811 938.895)\" fill=\"#112758\"><\/path><path id=\"Path_9762\" data-name=\"Path 9762\" d=\"M10.942,19.48c-.409-.285-.781-.541-1.146-.8a.886.886,0,0,1-.425-1.033.868.868,0,0,1,.925-.613q4.4-.144,8.8-.311c.774-.028.971.1,1.24.823,1.031,2.757,2.055,5.516,3.092,8.271a.9.9,0,0,1-1.356,1.16c-.433-.254-.869-.5-1.35-.768-.77,1.538-1.525,3.044-2.308,4.606.866.044,1.676.09,2.486.127,2.078.094,4.157.173,6.234.278.783.041,1.068.372,1.07,1.155q0,4.633,0,9.264c0,.788-.3,1.118-1.083,1.12-4.1.007-8.19,0-12.286.006a1.133,1.133,0,0,1-1-.558Q9.651,35.986,5.461,29.776a1.131,1.131,0,0,1,.046-1.352q2.572-4.2,5.126-8.417C10.727,19.85,10.819,19.692,10.942,19.48Zm10.117,4.835c-.685-1.849-1.359-3.632-2-5.426a.574.574,0,0,0-.689-.448c-1.575.088-3.149.151-4.724.227-.228.011-.453.042-.729.07a1.011,1.011,0,0,1-.1,1.225Q10.1,24.342,7.4,28.726a.579.579,0,0,0-.011.75c1.77,2.586,3.518,5.188,5.275,7.783.07.1.158.193.263.319.114-.206.2-.363.287-.525q3.116-6.047,6.229-12.1C19.875,24.107,20.081,24.009,21.059,24.315Zm5.312,16.7V32.977c-.085-.013-.133-.026-.18-.029-2.764-.125-5.529-.243-8.292-.385-.309-.015-.4.136-.516.352-.875,1.676-1.67,3.4-2.665,5.008a2.01,2.01,0,0,0,.164,2.739.82.82,0,0,0,.694.361c2.969-.013,5.938-.007,8.907-.007Z\" transform=\"translate(574.811 938.895)\" fill=\"none\" stroke=\"#fff\" stroke-miterlimit=\"10\" stroke-width=\"0.25\"><\/path><path id=\"Path_9763\" data-name=\"Path 9763\" d=\"M28.662,20.9c-.847-1.507-1.67-2.974-2.532-4.509L23.7,19.672c-.9,1.214-1.79,2.429-2.691,3.643-.541.729-.947.788-1.687.239q-3.8-2.818-7.6-5.638a1.063,1.063,0,0,1-.206-1.8c2.5-2.987,5-5.966,7.472-8.973A2.042,2.042,0,0,1,20.749,6.3q6.594.044,13.193,0a1.472,1.472,0,0,1,1.573,1c1.3,2.974,2.671,5.921,3.989,8.887.166.372.332.431.672.267a7.215,7.215,0,0,1,.982-.381.85.85,0,0,1,1.022,1.282l-4.767,7.636a1.032,1.032,0,0,1-1.212.488q-4.387-1.069-8.772-2.144c-.431-.1-.737-.306-.794-.779-.061-.49.238-.733.619-.926.459-.234.914-.475,1.407-.731M23.615,8c.142.278.241.484.352.685q3.265,5.942,6.531,11.883c.44.8.387,1.07-.333,1.6-.02.015-.02.057-.033.1,1.855.448,3.709.882,5.555,1.352a.477.477,0,0,0,.639-.256c.91-1.486,1.84-2.96,2.761-4.439a3,3,0,0,0,.153-.324,1.156,1.156,0,0,1-.956-.82q-2.091-4.672-4.2-9.336c-.1-.214-.138-.46-.5-.459C30.3,8.008,27.01,8,23.615,8M13.239,16.81c2.252,1.674,4.463,3.317,6.686,4.967,1.753-2.293,3.466-4.527,5.161-6.774a.6.6,0,0,0,.033-.525Q23.5,11.411,21.842,8.372a.734.734,0,0,0-.451-.285A1.314,1.314,0,0,0,20,8.693c-2.221,2.711-4.481,5.389-6.759,8.117\" transform=\"translate(579.742 930.132)\" fill=\"#112758\"><\/path><path id=\"Path_9764\" data-name=\"Path 9764\" d=\"M28.662,20.9c-.847-1.507-1.67-2.974-2.532-4.509L23.7,19.672c-.9,1.214-1.79,2.429-2.691,3.643-.541.729-.947.788-1.687.239q-3.8-2.818-7.6-5.638a1.063,1.063,0,0,1-.206-1.8c2.5-2.987,5-5.966,7.472-8.973A2.042,2.042,0,0,1,20.749,6.3q6.594.044,13.193,0a1.472,1.472,0,0,1,1.573,1c1.3,2.974,2.671,5.921,3.989,8.887.166.372.332.431.672.267a7.215,7.215,0,0,1,.982-.381.85.85,0,0,1,1.022,1.282l-4.767,7.636a1.032,1.032,0,0,1-1.212.488q-4.387-1.069-8.772-2.144c-.431-.1-.737-.306-.794-.779-.061-.49.238-.733.619-.926C27.713,21.4,28.168,21.158,28.662,20.9ZM23.615,8c.142.278.241.484.352.685q3.265,5.942,6.531,11.883c.44.8.387,1.07-.333,1.6-.02.015-.02.057-.033.1,1.855.448,3.709.882,5.555,1.352a.477.477,0,0,0,.639-.256c.91-1.486,1.84-2.96,2.761-4.439a3,3,0,0,0,.153-.324,1.156,1.156,0,0,1-.956-.82q-2.091-4.672-4.2-9.336c-.1-.214-.138-.46-.5-.459C30.3,8.008,27.01,8,23.615,8ZM13.239,16.81c2.252,1.674,4.463,3.317,6.686,4.967,1.753-2.293,3.466-4.527,5.161-6.774a.6.6,0,0,0,.033-.525Q23.5,11.411,21.842,8.372a.734.734,0,0,0-.451-.285A1.314,1.314,0,0,0,20,8.693C17.777,11.4,15.517,14.082,13.239,16.81Z\" transform=\"translate(579.742 930.132)\" fill=\"none\" stroke=\"#fff\" stroke-miterlimit=\"10\" stroke-width=\"0.25\"><\/path><\/g><\/svg>\t\t\t\t<\/span>\n\t\t\t<\/div>\n\t\t\t\n\t\t\t\t\t\t<div class=\"elementor-icon-box-content\">\n\n\t\t\t\t\t\t\t\t\t<h3 class=\"elementor-icon-box-title\">\n\t\t\t\t\t\t<span  >\n\t\t\t\t\t\t\tRecyclable\t\t\t\t\t\t<\/span>\n\t\t\t\t\t<\/h3>\n\t\t\t\t\n\t\t\t\t\n\t\t\t<\/div>\n\t\t\t\n\t\t<\/div>\n\t\t\t\t\t\t<\/div>\n\t\t\t\t<\/div>\n\t\t\t\t\t<\/div>\n\t\t<\/div>\n\t\t\t\t<div class=\"elementor-column elementor-col-25 elementor-top-column elementor-element elementor-element-e923ff5\" data-id=\"e923ff5\" data-element_type=\"column\" data-e-type=\"column\">\n\t\t\t<div class=\"elementor-widget-wrap elementor-element-populated\">\n\t\t\t\t\t\t<div class=\"elementor-element elementor-element-b6a10f8 elementor-view-default elementor-position-block-start elementor-mobile-position-block-start elementor-widget elementor-widget-icon-box\" data-id=\"b6a10f8\" data-element_type=\"widget\" data-e-type=\"widget\" data-widget_type=\"icon-box.default\">\n\t\t\t\t<div class=\"elementor-widget-container\">\n\t\t\t\t\t\t\t<div class=\"elementor-icon-box-wrapper\">\n\n\t\t\t\t\t\t<div class=\"elementor-icon-box-icon\">\n\t\t\t\t<span  class=\"elementor-icon\">\n\t\t\t\t<svg xmlns=\"http:\/\/www.w3.org\/2000\/svg\" width=\"57.287\" height=\"54.915\" viewBox=\"0 0 57.287 54.915\"><g id=\"Group_40183\" data-name=\"Group 40183\" transform=\"translate(-685.481 -930.409)\"><path id=\"Path_9716\" data-name=\"Path 9716\" d=\"M62.9,23.809a19.8,19.8,0,0,1,.591-2.024,8.094,8.094,0,0,1,15.449,1.477,8.1,8.1,0,1,1-15.953,2.752A.95.95,0,0,0,62.9,25.8Zm4.07,1.015A4,4,0,0,0,71,28.848a4.037,4.037,0,1,0-4.028-4.024Z\" transform=\"translate(623.332 938.894)\" fill=\"none\" stroke=\"#112758\" stroke-miterlimit=\"10\" stroke-width=\"1.5\"><\/path><path id=\"Path_9717\" data-name=\"Path 9717\" d=\"M72.308,37.692c-.571-2.435-1.168-4.864-1.7-7.306a1.853,1.853,0,0,1,1.418-2.267c2.2-.637,4.4-1.265,6.675-1.915.354,1.232.7,2.448,1.066,3.711-.764.227-1.5.444-2.348.693A17.521,17.521,0,0,0,92.713,29.6c.63,1.092,1.267,2.19,1.943,3.354a21.417,21.417,0,0,1-19.235,1.024c.111.5.21.943.311,1.391s.2.9.319,1.411c-.8.188-1.566.361-2.33.551-.442.109-.882.239-1.322.361Z\" transform=\"translate(629.777 946.883)\" fill=\"none\" stroke=\"#112758\" stroke-miterlimit=\"10\" stroke-width=\"1.5\"><\/path><path id=\"Path_9718\" data-name=\"Path 9718\" d=\"M100.309,25.956q0,2.851,0,5.7a1.935,1.935,0,0,1-2.026,2.089c-.8.02-1.612,0-2.418.006q-4.4,0-8.809,0a2.043,2.043,0,0,1-2.348-2.335V20.372a2.005,2.005,0,0,1,2.229-2.227c3.726,0,7.454.018,11.181-.011a2.077,2.077,0,0,1,2.21,2.208C100.263,22.212,100.309,24.085,100.309,25.956ZM88.639,29.792h7.728V22.1H88.639Z\" transform=\"translate(641.689 940.09)\" fill=\"none\" stroke=\"#112758\" stroke-miterlimit=\"10\" stroke-width=\"1.5\"><\/path><path id=\"Path_9719\" data-name=\"Path 9719\" d=\"M82.345,16.919c-1.86,0-3.72.007-5.581,0a1.929,1.929,0,0,1-2.041-1.426,2.072,2.072,0,0,1,.319-1.709q2.321-3.846,4.628-7.7c.332-.553.656-1.111,1-1.656a1.91,1.91,0,0,1,3.339-.006q2.881,4.743,5.711,9.52a1.915,1.915,0,0,1-1.748,2.974C86.1,16.937,84.22,16.919,82.345,16.919Zm0-7.783c-.792,1.322-1.545,2.582-2.324,3.882h4.652C83.888,11.716,83.135,10.462,82.341,9.136Z\" transform=\"translate(633.226 927.72)\" fill=\"none\" stroke=\"#112758\" stroke-miterlimit=\"10\" stroke-width=\"1.5\"><\/path><path id=\"Path_9720\" data-name=\"Path 9720\" d=\"M71.916,11.636H69.4V8.065c.155-.009.3-.022.451-.022q3.194,0,6.389,0A1.843,1.843,0,0,1,78.309,10.1q0,3.194,0,6.391v.451H74.74v-3a16.084,16.084,0,0,0-4.625,7.135c-1.151-.359-2.269-.711-3.413-1.07A19.794,19.794,0,0,1,71.916,11.636Z\" transform=\"translate(626.534 931.594)\" fill=\"none\" stroke=\"#112758\" stroke-miterlimit=\"10\" stroke-width=\"1.5\"><\/path><path id=\"Path_9721\" data-name=\"Path 9721\" d=\"M94.334,16.439c.234-.687.451-1.322.681-2l3.534,1.173c-.381,1.144-.757,2.262-1.129,3.38-.238.711-.462,1.427-.711,2.136a1.737,1.737,0,0,1-1.656,1.31c-1.853.035-3.706.018-5.56.02-.039,0-.076-.031-.134-.055V18.758h1.956A16.789,16.789,0,0,0,84.707,11.7c.623-1.076,1.228-2.124,1.864-3.219A20.53,20.53,0,0,1,94.334,16.439Z\" transform=\"translate(641.689 931.966)\" fill=\"none\" stroke=\"#112758\" stroke-miterlimit=\"10\" stroke-width=\"1.5\"><\/path><\/g><\/svg>\t\t\t\t<\/span>\n\t\t\t<\/div>\n\t\t\t\n\t\t\t\t\t\t<div class=\"elementor-icon-box-content\">\n\n\t\t\t\t\t\t\t\t\t<h3 class=\"elementor-icon-box-title\">\n\t\t\t\t\t\t<span  >\n\t\t\t\t\t\t\tAdaptable\t\t\t\t\t\t<\/span>\n\t\t\t\t\t<\/h3>\n\t\t\t\t\n\t\t\t\t\n\t\t\t<\/div>\n\t\t\t\n\t\t<\/div>\n\t\t\t\t\t\t<\/div>\n\t\t\t\t<\/div>\n\t\t\t\t\t<\/div>\n\t\t<\/div>\n\t\t\t\t<div class=\"elementor-column elementor-col-25 elementor-top-column elementor-element elementor-element-4671ca3\" data-id=\"4671ca3\" data-element_type=\"column\" data-e-type=\"column\">\n\t\t\t<div class=\"elementor-widget-wrap elementor-element-populated\">\n\t\t\t\t\t\t<div class=\"elementor-element elementor-element-5725874 elementor-view-default elementor-position-block-start elementor-mobile-position-block-start elementor-widget elementor-widget-icon-box\" data-id=\"5725874\" data-element_type=\"widget\" data-e-type=\"widget\" data-widget_type=\"icon-box.default\">\n\t\t\t\t<div class=\"elementor-widget-container\">\n\t\t\t\t\t\t\t<div class=\"elementor-icon-box-wrapper\">\n\n\t\t\t\t\t\t<div class=\"elementor-icon-box-icon\">\n\t\t\t\t<span  class=\"elementor-icon\">\n\t\t\t\t<svg xmlns=\"http:\/\/www.w3.org\/2000\/svg\" width=\"49.559\" height=\"49.559\" viewBox=\"0 0 49.559 49.559\"><g id=\"Group_40184\" data-name=\"Group 40184\" transform=\"translate(-793.739 -934.196)\"><path id=\"Path_9766\" data-name=\"Path 9766\" d=\"M146.083,5.495a1.64,1.64,0,0,1,1.042,1.79c-.048.716-.011,1.437-.011,2.2a20.179,20.179,0,0,1,18.63,18.635c.823,0,1.632,0,2.44,0a1.414,1.414,0,1,1,0,2.814c-.8,0-1.593,0-2.437,0a20.179,20.179,0,0,1-18.633,18.63c0,.9.015,1.785-.006,2.671a1.405,1.405,0,0,1-2.805.007c-.015-.359,0-.72,0-1.079V49.565a20.183,20.183,0,0,1-18.631-18.633c-.74,0-1.473-.037-2.2.009a1.64,1.64,0,0,1-1.792-1.041v-.751a1.638,1.638,0,0,1,1.792-1.042c.726.048,1.459.011,2.2.011A20.183,20.183,0,0,1,144.3,9.484c0-.762.037-1.484-.009-2.2a1.634,1.634,0,0,1,1.041-1.79ZM144.3,12.38a17.117,17.117,0,0,0-15.72,15.738c.781,0,1.56,0,2.341,0a1.412,1.412,0,1,1-.02,2.814c-.779,0-1.558,0-2.339,0A17.12,17.12,0,0,0,144.3,46.651c0-.827-.009-1.654,0-2.481a1.405,1.405,0,0,1,2.687-.525,2.11,2.11,0,0,1,.118.729c.015.772.006,1.543.006,2.321a17.167,17.167,0,0,0,15.72-15.732.4.4,0,0,0-.088-.024c-.751,0-1.5,0-2.252-.007a1.412,1.412,0,1,1,.02-2.814c.779,0,1.558,0,2.339,0A17.114,17.114,0,0,0,147.115,12.4c0,.781,0,1.56,0,2.341a1.412,1.412,0,1,1-2.814-.02C144.3,13.94,144.3,13.16,144.3,12.38Z\" transform=\"translate(672.811 929.451)\" fill=\"none\" stroke=\"#112758\" stroke-miterlimit=\"10\" stroke-width=\"1.5\"><\/path><path id=\"Path_9767\" data-name=\"Path 9767\" d=\"M133.316,21.428a6.177,6.177,0,0,1,4.444-4.42c0-.783,0-1.58,0-2.376a1.438,1.438,0,1,1,2.873-.022c.006.768,0,1.534.007,2.3a.41.41,0,0,0,.024.09,6.206,6.206,0,0,1,4.431,4.461c.785,0,1.58,0,2.378,0a1.438,1.438,0,1,1,0,2.873c-.766.006-1.534.006-2.3.009a.343.343,0,0,0-.094.029,6.18,6.18,0,0,1-4.444,4.42c0,.8,0,1.6,0,2.394a1.437,1.437,0,1,1-2.873.018c-.007-.781-.006-1.564-.009-2.346a.353.353,0,0,0-.028-.079,6.171,6.171,0,0,1-4.418-4.444c-.775,0-1.569,0-2.363,0a1.44,1.44,0,1,1,0-2.873c.751,0,1.5,0,2.253-.007a.621.621,0,0,0,.116-.026m2.722,1.448a3.161,3.161,0,1,0,3.207-3.138,3.2,3.2,0,0,0-3.207,3.138\" transform=\"translate(679.32 935.863)\" fill=\"#112758\"><\/path><\/g><\/svg>\t\t\t\t<\/span>\n\t\t\t<\/div>\n\t\t\t\n\t\t\t\t\t\t<div class=\"elementor-icon-box-content\">\n\n\t\t\t\t\t\t\t\t\t<h3 class=\"elementor-icon-box-title\">\n\t\t\t\t\t\t<span  >\n\t\t\t\t\t\t\tAccurate\t\t\t\t\t\t<\/span>\n\t\t\t\t\t<\/h3>\n\t\t\t\t\n\t\t\t\t\n\t\t\t<\/div>\n\t\t\t\n\t\t<\/div>\n\t\t\t\t\t\t<\/div>\n\t\t\t\t<\/div>\n\t\t\t\t\t<\/div>\n\t\t<\/div>\n\t\t\t\t<div class=\"elementor-column elementor-col-25 elementor-top-column elementor-element elementor-element-3c13ea5\" data-id=\"3c13ea5\" data-element_type=\"column\" data-e-type=\"column\">\n\t\t\t<div class=\"elementor-widget-wrap elementor-element-populated\">\n\t\t\t\t\t\t<div class=\"elementor-element elementor-element-28ba908 elementor-view-default elementor-position-block-start elementor-mobile-position-block-start elementor-widget elementor-widget-icon-box\" data-id=\"28ba908\" data-element_type=\"widget\" data-e-type=\"widget\" data-widget_type=\"icon-box.default\">\n\t\t\t\t<div class=\"elementor-widget-container\">\n\t\t\t\t\t\t\t<div class=\"elementor-icon-box-wrapper\">\n\n\t\t\t\t\t\t<div class=\"elementor-icon-box-icon\">\n\t\t\t\t<span  class=\"elementor-icon\">\n\t\t\t\t<svg xmlns=\"http:\/\/www.w3.org\/2000\/svg\" width=\"54.605\" height=\"51.668\" viewBox=\"0 0 54.605 51.668\"><g id=\"Group_40185\" data-name=\"Group 40185\" transform=\"translate(-883.269 -934.926)\"><path id=\"Path_9770\" data-name=\"Path 9770\" d=\"M214.681,30.005c-.368.565-.945.591-1.54.632a15.1,15.1,0,0,0-10.336,4.6,13.3,13.3,0,0,0-3.4,6.938c-.247,1.385-.313,2.8-.437,4.207a1.1,1.1,0,0,1-.481.995c-.6.35-1.262-.072-1.313-.849-.052-.759-.048-1.521-.12-2.276a14.823,14.823,0,0,0-3.89-9.231,14.547,14.547,0,0,0-8.22-4.159c-.882-.157-1.79-.173-2.683-.285a.878.878,0,0,1-.8-1.243.96.96,0,0,1,.971-.6,16.585,16.585,0,0,0,5.967-1.286,13.243,13.243,0,0,0,8.22-10.054c.278-1.321.319-2.695.464-4.041.028-.247.024-.5.068-.739a.822.822,0,0,1,.914-.761.809.809,0,0,1,.8.821c.076.969.092,1.945.206,2.908.481,3.989,1.985,7.459,5.253,9.975a15.6,15.6,0,0,0,7.945,3.072,8.323,8.323,0,0,1,1.367.127,4.747,4.747,0,0,1,1.042.611Zm-27.161-.374c5.179,1.753,8.763,5,10.485,10.338,1.72-5.341,5.308-8.581,10.48-10.342C203.293,27.871,199.716,24.609,198,19.3c-1.726,5.343-5.31,8.581-10.482,10.336\" transform=\"translate(723.068 934.8)\" fill=\"#112758\"><\/path><path id=\"Path_9771\" data-name=\"Path 9771\" d=\"M214.681,30.005c-.368.565-.945.591-1.54.632a15.1,15.1,0,0,0-10.336,4.6,13.3,13.3,0,0,0-3.4,6.938c-.247,1.385-.313,2.8-.437,4.207a1.1,1.1,0,0,1-.481.995c-.6.35-1.262-.072-1.313-.849-.052-.759-.048-1.521-.12-2.276a14.823,14.823,0,0,0-3.89-9.231,14.547,14.547,0,0,0-8.22-4.159c-.882-.157-1.79-.173-2.683-.285a.878.878,0,0,1-.8-1.243.96.96,0,0,1,.971-.6,16.585,16.585,0,0,0,5.967-1.286,13.243,13.243,0,0,0,8.22-10.054c.278-1.321.319-2.695.464-4.041.028-.247.024-.5.068-.739a.822.822,0,0,1,.914-.761.809.809,0,0,1,.8.821c.076.969.092,1.945.206,2.908.481,3.989,1.985,7.459,5.253,9.975a15.6,15.6,0,0,0,7.945,3.072,8.323,8.323,0,0,1,1.367.127,4.747,4.747,0,0,1,1.042.611Zm-27.161-.374c5.179,1.753,8.763,5,10.485,10.338,1.72-5.341,5.308-8.581,10.48-10.342C203.293,27.871,199.716,24.609,198,19.3,196.276,24.638,192.692,27.876,187.52,29.631Z\" transform=\"translate(723.068 934.8)\" fill=\"none\" stroke=\"#fafafc\" stroke-miterlimit=\"10\" stroke-width=\"0.25\"><\/path><path id=\"Path_9772\" data-name=\"Path 9772\" d=\"M193.837,16.043c.017.61-.407.958-1.179.993a8.629,8.629,0,0,0-4.3,1.306,7.416,7.416,0,0,0-3.367,5.446c-.088.573-.092,1.16-.142,1.739-.063.7-.339,1.055-.807,1.059-.556.006-.937-.407-.949-1.116a10.039,10.039,0,0,0-.816-4.068,7.462,7.462,0,0,0-6.142-4.358c-.332-.05-.667-.079-1-.1-.584-.042-.947-.35-.972-.844a.93.93,0,0,1,.936-.947,15.835,15.835,0,0,0,1.676-.206,7.449,7.449,0,0,0,6.187-6.638c.083-.558.087-1.127.129-1.689.048-.683.392-1.077.93-1.065s.825.37.866,1.055a10.913,10.913,0,0,0,.937,4.31,7.5,7.5,0,0,0,5.807,4.109c.4.072.807.083,1.21.122.611.061.987.4,1,.9M183.93,11.3a9.291,9.291,0,0,1-4.816,4.757,9.293,9.293,0,0,1,4.82,4.754,9.348,9.348,0,0,1,4.8-4.761,9.2,9.2,0,0,1-4.807-4.75\" transform=\"translate(716.987 929.499)\" fill=\"#112758\"><\/path><path id=\"Path_9773\" data-name=\"Path 9773\" d=\"M193.837,16.043c.017.61-.407.958-1.179.993a8.629,8.629,0,0,0-4.3,1.306,7.416,7.416,0,0,0-3.367,5.446c-.088.573-.092,1.16-.142,1.739-.063.7-.339,1.055-.807,1.059-.556.006-.937-.407-.949-1.116a10.039,10.039,0,0,0-.816-4.068,7.462,7.462,0,0,0-6.142-4.358c-.332-.05-.667-.079-1-.1-.584-.042-.947-.35-.972-.844a.93.93,0,0,1,.936-.947,15.835,15.835,0,0,0,1.676-.206,7.449,7.449,0,0,0,6.187-6.638c.083-.558.087-1.127.129-1.689.048-.683.392-1.077.93-1.065s.825.37.866,1.055a10.913,10.913,0,0,0,.937,4.31,7.5,7.5,0,0,0,5.807,4.109c.4.072.807.083,1.21.122C193.449,15.209,193.824,15.544,193.837,16.043ZM183.93,11.3a9.291,9.291,0,0,1-4.816,4.757,9.293,9.293,0,0,1,4.82,4.754,9.348,9.348,0,0,1,4.8-4.761A9.2,9.2,0,0,1,183.93,11.3Z\" transform=\"translate(716.987 929.499)\" fill=\"none\" stroke=\"#fafafc\" stroke-miterlimit=\"10\" stroke-width=\"0.25\"><\/path><path id=\"Path_9774\" data-name=\"Path 9774\" d=\"M179.737,43.075c-.514-.024-.783-.4-.871-1.114a19.166,19.166,0,0,0-.532-3.273c-.908-2.945-3.068-4.5-6.015-5.069-.468-.088-.949-.1-1.42-.162-.639-.083-.965-.411-.949-.928.015-.494.335-.8.965-.844a9.7,9.7,0,0,0,3.96-1.048,7.25,7.25,0,0,0,3.768-5.286,20.528,20.528,0,0,0,.23-2.208c.055-.685.383-1.09.915-1.09s.844.376.886,1.094a10.894,10.894,0,0,0,.9,4.212,7.428,7.428,0,0,0,5.663,4.144c.5.1,1.015.127,1.523.193a.865.865,0,0,1,.851.947.893.893,0,0,1-.943.871,9.156,9.156,0,0,0-4.474,1.3,7.418,7.418,0,0,0-3.42,5.472c-.109.713-.133,1.438-.216,2.157-.05.427-.289.67-.827.63m4.8-10.447a9.191,9.191,0,0,1-4.816-4.748,9.3,9.3,0,0,1-4.82,4.754,9.529,9.529,0,0,1,4.822,4.75,9.319,9.319,0,0,1,4.814-4.755\" transform=\"translate(713.445 943.389)\" fill=\"#112758\"><\/path><path id=\"Path_9775\" data-name=\"Path 9775\" d=\"M179.737,43.075c-.514-.024-.783-.4-.871-1.114a19.166,19.166,0,0,0-.532-3.273c-.908-2.945-3.068-4.5-6.015-5.069-.468-.088-.949-.1-1.42-.162-.639-.083-.965-.411-.949-.928.015-.494.335-.8.965-.844a9.7,9.7,0,0,0,3.96-1.048,7.25,7.25,0,0,0,3.768-5.286,20.528,20.528,0,0,0,.23-2.208c.055-.685.383-1.09.915-1.09s.844.376.886,1.094a10.894,10.894,0,0,0,.9,4.212,7.428,7.428,0,0,0,5.663,4.144c.5.1,1.015.127,1.523.193a.865.865,0,0,1,.851.947.893.893,0,0,1-.943.871,9.156,9.156,0,0,0-4.474,1.3,7.418,7.418,0,0,0-3.42,5.472c-.109.713-.133,1.438-.216,2.157C180.515,42.872,180.275,43.116,179.737,43.075Zm4.8-10.447a9.191,9.191,0,0,1-4.816-4.748,9.3,9.3,0,0,1-4.82,4.754,9.529,9.529,0,0,1,4.822,4.75A9.319,9.319,0,0,1,184.539,32.628Z\" transform=\"translate(713.445 943.389)\" fill=\"none\" stroke=\"#fafafc\" stroke-miterlimit=\"10\" stroke-width=\"0.25\"><\/path><\/g><\/svg>\t\t\t\t<\/span>\n\t\t\t<\/div>\n\t\t\t\n\t\t\t\t\t\t<div class=\"elementor-icon-box-content\">\n\n\t\t\t\t\t\t\t\t\t<h3 class=\"elementor-icon-box-title\">\n\t\t\t\t\t\t<span  >\n\t\t\t\t\t\t\tEasy to clean\t\t\t\t\t\t<\/span>\n\t\t\t\t\t<\/h3>\n\t\t\t\t\n\t\t\t\t\n\t\t\t<\/div>\n\t\t\t\n\t\t<\/div>\n\t\t\t\t\t\t<\/div>\n\t\t\t\t<\/div>\n\t\t\t\t\t<\/div>\n\t\t<\/div>\n\t\t\t\t\t<\/div>\n\t\t<\/section>\n\t\t\t\t<\/div>\n\t\t","protected":false},"excerpt":{"rendered":"<p><span style=\"vertical-align: inherit;\"><span style=\"vertical-align: inherit;\">Dot\u00e9 d&#8217;une tr\u00e9mie de r\u00e9gulation vibrante, l&#8217;\u00e9l\u00e9vateur \u00e0 bande est con\u00e7u pour transf\u00e9rer tous types de produits, humides ou secs, et est \u00e9quip\u00e9 d&#8217;un tapis \u00e0 caillebotis pour soulever les liquides.<\/span><\/span><\/p>\n","protected":false},"featured_media":17063,"template":"","meta":[],"product_brand":[],"product_cat":[84],"product_tag":[],"class_list":{"0":"post-17019","1":"product","2":"type-product","3":"status-publish","4":"has-post-thumbnail","6":"product_cat-vinicole","8":"first","9":"instock","10":"shipping-taxable","11":"product-type-simple"},"_links":{"self":[{"href":"https:\/\/cefinox.com\/en\/wp-json\/wp\/v2\/product\/17019","targetHints":{"allow":["GET"]}}],"collection":[{"href":"https:\/\/cefinox.com\/en\/wp-json\/wp\/v2\/product"}],"about":[{"href":"https:\/\/cefinox.com\/en\/wp-json\/wp\/v2\/types\/product"}],"version-history":[{"count":1,"href":"https:\/\/cefinox.com\/en\/wp-json\/wp\/v2\/product\/17019\/revisions"}],"predecessor-version":[{"id":17955,"href":"https:\/\/cefinox.com\/en\/wp-json\/wp\/v2\/product\/17019\/revisions\/17955"}],"wp:featuredmedia":[{"embeddable":true,"href":"https:\/\/cefinox.com\/en\/wp-json\/wp\/v2\/media\/17063"}],"wp:attachment":[{"href":"https:\/\/cefinox.com\/en\/wp-json\/wp\/v2\/media?parent=17019"}],"wp:term":[{"taxonomy":"product_brand","embeddable":true,"href":"https:\/\/cefinox.com\/en\/wp-json\/wp\/v2\/product_brand?post=17019"},{"taxonomy":"product_cat","embeddable":true,"href":"https:\/\/cefinox.com\/en\/wp-json\/wp\/v2\/product_cat?post=17019"},{"taxonomy":"product_tag","embeddable":true,"href":"https:\/\/cefinox.com\/en\/wp-json\/wp\/v2\/product_tag?post=17019"}],"curies":[{"name":"wp","href":"https:\/\/api.w.org\/{rel}","templated":true}]}}