{"id":17679,"date":"2023-10-23T14:29:42","date_gmt":"2023-10-23T12:29:42","guid":{"rendered":"https:\/\/cefinox.com\/?post_type=product&#038;p=17568"},"modified":"2024-11-26T09:53:47","modified_gmt":"2024-11-26T08:53:47","slug":"stainless-steel-egg","status":"publish","type":"product","link":"https:\/\/cefinox.com\/en\/produit\/stainless-steel-egg\/","title":{"rendered":"Stainless steel egg"},"content":{"rendered":"<p><span style=\"vertical-align: inherit;\"><span style=\"vertical-align: inherit;\">Forme ovo\u00efde en acier inoxydable sp\u00e9cialement con\u00e7ue pour une vinification de qualit\u00e9. Sa forme permet un mouvement permanent des lies et une fermentation alcoolique r\u00e9guli\u00e8re.<\/span><\/span><\/p>\n","protected":false},"excerpt":{"rendered":"<p>Forme ovo\u00efde en acier inoxydable sp\u00e9cialement con\u00e7ue pour une vinification de qualit\u00e9. Sa forme permet un mouvement permanent des lies<\/p>\n","protected":false},"featured_media":18545,"template":"","meta":[],"product_brand":[],"product_cat":[84],"product_tag":[],"class_list":{"0":"post-17679","1":"product","2":"type-product","3":"status-publish","4":"has-post-thumbnail","6":"product_cat-vinicole","8":"first","9":"instock","10":"shipping-taxable","11":"product-type-simple"},"_links":{"self":[{"href":"https:\/\/cefinox.com\/en\/wp-json\/wp\/v2\/product\/17679","targetHints":{"allow":["GET"]}}],"collection":[{"href":"https:\/\/cefinox.com\/en\/wp-json\/wp\/v2\/product"}],"about":[{"href":"https:\/\/cefinox.com\/en\/wp-json\/wp\/v2\/types\/product"}],"version-history":[{"count":2,"href":"https:\/\/cefinox.com\/en\/wp-json\/wp\/v2\/product\/17679\/revisions"}],"predecessor-version":[{"id":17845,"href":"https:\/\/cefinox.com\/en\/wp-json\/wp\/v2\/product\/17679\/revisions\/17845"}],"wp:featuredmedia":[{"embeddable":true,"href":"https:\/\/cefinox.com\/en\/wp-json\/"}],"wp:attachment":[{"href":"https:\/\/cefinox.com\/en\/wp-json\/wp\/v2\/media?parent=17679"}],"wp:term":[{"taxonomy":"product_brand","embeddable":true,"href":"https:\/\/cefinox.com\/en\/wp-json\/wp\/v2\/product_brand?post=17679"},{"taxonomy":"product_cat","embeddable":true,"href":"https:\/\/cefinox.com\/en\/wp-json\/wp\/v2\/product_cat?post=17679"},{"taxonomy":"product_tag","embeddable":true,"href":"https:\/\/cefinox.com\/en\/wp-json\/wp\/v2\/product_tag?post=17679"}],"curies":[{"name":"wp","href":"https:\/\/api.w.org\/{rel}","templated":true}]}}